{"id":751,"date":"2025-10-21T21:56:01","date_gmt":"2025-10-21T18:56:01","guid":{"rendered":"https:\/\/avmtv.com.tr\/?page_id=751"},"modified":"2025-12-13T09:25:53","modified_gmt":"2025-12-13T06:25:53","slug":"canli-yayin","status":"publish","type":"page","link":"https:\/\/avmtv.com.tr\/index.php\/canli-yayin\/","title":{"rendered":"\ud83d\udd34Canl\u0131 Yay\u0131n"},"content":{"rendered":"<p><iframe loading=\"lazy\" width=\"1179\" height=\"723\" src=\"https:\/\/www.youtube.com\/embed\/G7mJ-Pqwz6A\" title=\"Avm Tv Canl\u0131 Yay\u0131n\u0131\" frameborder=\"0\" allow=\"accelerometer; autoplay; clipboard-write; encrypted-media; gyroscope; picture-in-picture; web-share\" referrerpolicy=\"strict-origin-when-cross-origin\" allowfullscreen><\/iframe><\/p>\n\n\n\n<p><\/p>\n","protected":false},"excerpt":{"rendered":"","protected":false},"author":1,"featured_media":0,"parent":0,"menu_order":2,"comment_status":"closed","ping_status":"closed","template":"","meta":{"footnotes":""},"class_list":["post-751","page","type-page","status-publish","hentry"],"_links":{"self":[{"href":"https:\/\/avmtv.com.tr\/index.php\/wp-json\/wp\/v2\/pages\/751","targetHints":{"allow":["GET"]}}],"collection":[{"href":"https:\/\/avmtv.com.tr\/index.php\/wp-json\/wp\/v2\/pages"}],"about":[{"href":"https:\/\/avmtv.com.tr\/index.php\/wp-json\/wp\/v2\/types\/page"}],"author":[{"embeddable":true,"href":"https:\/\/avmtv.com.tr\/index.php\/wp-json\/wp\/v2\/users\/1"}],"replies":[{"embeddable":true,"href":"https:\/\/avmtv.com.tr\/index.php\/wp-json\/wp\/v2\/comments?post=751"}],"version-history":[{"count":7,"href":"https:\/\/avmtv.com.tr\/index.php\/wp-json\/wp\/v2\/pages\/751\/revisions"}],"predecessor-version":[{"id":1086,"href":"https:\/\/avmtv.com.tr\/index.php\/wp-json\/wp\/v2\/pages\/751\/revisions\/1086"}],"wp:attachment":[{"href":"https:\/\/avmtv.com.tr\/index.php\/wp-json\/wp\/v2\/media?parent=751"}],"curies":[{"name":"wp","href":"https:\/\/api.w.org\/{rel}","templated":true}]}}